{"id":6039,"date":"2024-10-09T10:12:11","date_gmt":"2024-10-09T17:12:11","guid":{"rendered":"https:\/\/stayhealdsburg.com\/?page_id=6039"},"modified":"2025-12-12T12:31:59","modified_gmt":"2025-12-12T20:31:59","slug":"privacy-policy","status":"publish","type":"page","link":"https:\/\/stayhealdsburg.com\/es\/privacy-policy\/","title":{"rendered":"pol\u00edtica de privacidad"},"content":{"rendered":"<div class=\"wp-block-cover alignfull is-light has-custom-content-position is-position-bottom-center is-style-page-hero align-end\" style=\"padding-right:5%;padding-bottom:5dvh;padding-left:5%\"><span aria-hidden=\"true\" class=\"wp-block-cover__background has-custom-pure-black-background-color has-background-dim-30 has-background-dim\"><\/span><div class=\"wp-block-cover__inner-container is-layout-flow wp-block-cover-is-layout-flow\">\n<div class=\"wp-block-group has-white-color has-text-color has-link-color wp-elements-60eb43e2c88b67c93026374bd7969429 is-content-justification-center is-nowrap is-layout-flex wp-container-core-group-is-layout-23441af8 wp-block-group-is-layout-flex\" data-aos=\"fade-up\" data-aos-delay=\"0\" data-aos-duration=\"0\"><h1 style=\"text-transform:uppercase; padding-right:0px;padding-left:0px;margin-right:0px;margin-left:-1rem;\" class=\"wp-block-post-title has-custom-4-font-size has-nowra-font-family wp-container-content-9cfa9a5a\">pol\u00edtica de privacidad<\/h1><\/div>\n<\/div><\/div>\n\n\n\n<div class=\"wp-block-group has-global-padding is-layout-constrained wp-container-core-group-is-layout-ffb0b4ff wp-block-group-is-layout-constrained\" style=\"padding-bottom:var(--wp--preset--spacing--50)\">\n<p>Stay Healdsburg valora su privacidad y se compromete a proteger su informaci\u00f3n personal.<br>Informaci\u00f3n que usted proporciona. Esta Pol\u00edtica de Privacidad explica c\u00f3mo recopilamos, usamos, divulgamos y protegemos su informaci\u00f3n cuando visita nuestro sitio web e interact\u00faa con nuestros servicios, en cumplimiento con las leyes estatales aplicables, incluida la Ley de Privacidad del Consumidor de California (CCPA).<\/p>\n\n\n\n<h3 class=\"wp-block-heading\">Informaci\u00f3n que recopilamos<\/h3>\n\n\n\n<ul class=\"wp-block-list\">\n<li><strong>Informaci\u00f3n personal:<\/strong> Stay Healdsburg puede recopilar informaci\u00f3n personal como su nombre, direcci\u00f3n de correo electr\u00f3nico, direcci\u00f3n postal y n\u00famero de tel\u00e9fono cuando usted nos la proporciona voluntariamente. Esta informaci\u00f3n puede recopilarse cuando se suscribe a nuestro bolet\u00edn informativo, participa en concursos o encuestas, o utiliza nuestros servicios.<\/li>\n\n\n\n<li><strong>Informaci\u00f3n recopilada autom\u00e1ticamente:<\/strong> Tambi\u00e9n recopilamos cierta informaci\u00f3n.<br>Cuando visita nuestro sitio web, recopilamos autom\u00e1ticamente informaci\u00f3n como su direcci\u00f3n IP, tipo de navegador, sistema operativo, URL de referencia y datos sobre su interacci\u00f3n con el sitio (p\u00e1ginas visitadas, enlaces pulsados, etc.). Esta informaci\u00f3n nos ayuda a mejorar la funcionalidad y el contenido de nuestro sitio web.<\/li>\n\n\n\n<li><strong>Cookies y tecnolog\u00edas de seguimiento:<\/strong> Podemos utilizar cookies y tecnolog\u00edas de seguimiento similares para mejorar la experiencia del usuario, monitorizar el tr\u00e1fico del sitio web y analizar el comportamiento del usuario. Puede desactivar las cookies en la configuraci\u00f3n de su navegador, aunque esto podr\u00eda limitar ciertas funciones de nuestro sitio web.<\/li>\n<\/ul>\n\n\n\n<h3 class=\"wp-block-heading\">C\u00f3mo utilizamos su informaci\u00f3n<\/h3>\n\n\n\n<ul class=\"wp-block-list\">\n<li><strong>Prestaci\u00f3n de servicios:<\/strong> Utilizamos su informaci\u00f3n personal para ofrecerle contenido personalizado, comunicarnos con usted y proporcionarle los servicios que solicita, como suscripciones a boletines informativos o informaci\u00f3n sobre pr\u00f3ximos eventos.<\/li>\n\n\n\n<li><strong>Marketing y promociones:<\/strong> Con su consentimiento, podremos usar su informaci\u00f3n para enviarle correos electr\u00f3nicos promocionales u otras comunicaciones sobre eventos, ofertas o servicios de Stay Healdsburg. Puede optar por no recibir comunicaciones de marketing en cualquier momento siguiendo las instrucciones que se incluyen en cada comunicaci\u00f3n.<\/li>\n\n\n\n<li><strong>Obligaciones legales y protecci\u00f3n:<\/strong> Podemos divulgar su informaci\u00f3n cuando as\u00ed lo exija la ley o cuando sea necesario para proteger nuestros derechos, propiedad o seguridad, as\u00ed como los derechos, la propiedad o la seguridad de nuestros usuarios u otras personas.<\/li>\n<\/ul>\n\n\n\n<h3 class=\"wp-block-heading\">Compartir informaci\u00f3n con terceros<\/h3>\n\n\n\n<p>Stay Healdsburg no vende su informaci\u00f3n personal a terceros. Sin embargo, podemos compartirla con proveedores de servicios, contratistas y socios que nos ayudan a operar nuestro sitio web, gestionar nuestro negocio y brindarle servicios. Estos socios est\u00e1n obligados a mantener la confidencialidad de su informaci\u00f3n y a usarla exclusivamente para los fines para los que fue compartida.<\/p>\n\n\n\n<h3 class=\"wp-block-heading\">Interacci\u00f3n en redes sociales<\/h3>\n\n\n\n<p>Si interact\u00faas con Stay Healdsburg en redes sociales (como Facebook, Instagram u otras), la informaci\u00f3n que proporciones voluntariamente se regir\u00e1 por las pol\u00edticas de privacidad de dichas plataformas. Stay Healdsburg podr\u00eda recopilar informaci\u00f3n p\u00fablica de tu perfil si interact\u00faas con nosotros en redes sociales.<\/p>\n\n\n\n<h3 class=\"wp-block-heading\">Sus derechos en virtud de la Ley de Privacidad del Consumidor de California (CCPA)<\/h3>\n\n\n\n<p>Como residente de California, usted tiene derechos espec\u00edficos en virtud de la CCPA, entre los que se incluyen:<\/p>\n\n\n\n<ul class=\"wp-block-list\">\n<li><strong>Derecho a saber:<\/strong> Puede solicitar detalles sobre las categor\u00edas y los datos personales espec\u00edficos que hemos recopilado sobre usted, as\u00ed como las categor\u00edas de fuentes de las que se recopil\u00f3 la informaci\u00f3n, los fines comerciales para los que se recopil\u00f3 la informaci\u00f3n y las categor\u00edas de terceros con quienes hemos compartido la informaci\u00f3n.<\/li>\n\n\n\n<li><strong>Derecho de supresi\u00f3n:<\/strong> Usted puede solicitar que eliminemos cualquier informaci\u00f3n personal que hayamos recopilado sobre usted, con ciertas excepciones.<\/li>\n\n\n\n<li><strong>Derecho a la exclusi\u00f3n voluntaria:<\/strong> Tienes derecho a oponerte a la venta de tu informaci\u00f3n personal.<br>Stay Healdsburg no vende informaci\u00f3n personal, pero si esta pr\u00e1ctica cambia en el futuro, se le brindar\u00e1 la oportunidad de optar por no participar.<\/li>\n<\/ul>\n\n\n\n<p>Para ejercer cualquiera de estos derechos, env\u00ede un correo electr\u00f3nico a info@Healdsburg.com.<\/p>\n\n\n\n<h3 class=\"wp-block-heading\">Seguridad de datos<\/h3>\n\n\n\n<p>Stay Healdsburg adopta medidas razonables para proteger su informaci\u00f3n personal contra el acceso, uso o divulgaci\u00f3n no autorizados. Sin embargo, ning\u00fan m\u00e9todo de transmisi\u00f3n de datos por Internet o almacenamiento electr\u00f3nico es completamente seguro, y no podemos garantizar la seguridad absoluta.<\/p>\n\n\n\n<h3 class=\"wp-block-heading\">Enlaces a otros sitios web<\/h3>\n\n\n\n<p>Nuestro sitio web puede contener enlaces a sitios web de terceros. Stay Healdsburg no se responsabiliza de las pr\u00e1cticas de privacidad ni del contenido de dichos sitios. Recomendamos a los usuarios que lean las pol\u00edticas de privacidad de los sitios web de terceros que visiten.<\/p>\n\n\n\n<h3 class=\"wp-block-heading\">Cambios en esta Pol\u00edtica de Privacidad<\/h3>\n\n\n\n<p>Es posible que actualicemos esta Pol\u00edtica de Privacidad peri\u00f3dicamente para reflejar cambios en nuestras pr\u00e1cticas o por motivos legales. Le notificaremos cualquier cambio significativo publicando la pol\u00edtica actualizada en esta p\u00e1gina. Le recomendamos revisar esta pol\u00edtica peri\u00f3dicamente para mantenerse informado.<\/p>\n<\/div>","protected":false},"excerpt":{"rendered":"<p>Stay Healdsburg values your privacy and is committed to protecting the personalinformation you provide. This Privacy Policy explains how we collect, use, disclose, and safeguard your information when you visit our website and interact with our services, in compliance with applicable state laws, including the California Consumer Privacy Act (CCPA). Information We Collect How We [&hellip;]<\/p>\n","protected":false},"author":3,"featured_media":0,"parent":0,"menu_order":0,"comment_status":"closed","ping_status":"closed","template":"","meta":{"_acf_changed":false,"custom_post_title":"","footnotes":""},"class_list":["post-6039","page","type-page","status-publish","hentry"],"acf":[],"_links":{"self":[{"href":"https:\/\/stayhealdsburg.com\/es\/wp-json\/wp\/v2\/pages\/6039","targetHints":{"allow":["GET"]}}],"collection":[{"href":"https:\/\/stayhealdsburg.com\/es\/wp-json\/wp\/v2\/pages"}],"about":[{"href":"https:\/\/stayhealdsburg.com\/es\/wp-json\/wp\/v2\/types\/page"}],"author":[{"embeddable":true,"href":"https:\/\/stayhealdsburg.com\/es\/wp-json\/wp\/v2\/users\/3"}],"replies":[{"embeddable":true,"href":"https:\/\/stayhealdsburg.com\/es\/wp-json\/wp\/v2\/comments?post=6039"}],"version-history":[{"count":8,"href":"https:\/\/stayhealdsburg.com\/es\/wp-json\/wp\/v2\/pages\/6039\/revisions"}],"predecessor-version":[{"id":11063,"href":"https:\/\/stayhealdsburg.com\/es\/wp-json\/wp\/v2\/pages\/6039\/revisions\/11063"}],"wp:attachment":[{"href":"https:\/\/stayhealdsburg.com\/es\/wp-json\/wp\/v2\/media?parent=6039"}],"curies":[{"name":"wp","href":"https:\/\/api.w.org\/{rel}","templated":true}]}}